{"id":1189,"date":"2023-04-14T23:30:20","date_gmt":"2023-04-14T23:30:20","guid":{"rendered":"http:\/\/verosilva.com\/?page_id=1189"},"modified":"2023-05-27T16:51:09","modified_gmt":"2023-05-27T16:51:09","slug":"sobre-mi-completo","status":"publish","type":"page","link":"https:\/\/verosilva.com\/?page_id=1189","title":{"rendered":"Charlas y prensa"},"content":{"rendered":"\t\t<div data-elementor-type=\"wp-page\" data-elementor-id=\"1189\" class=\"elementor elementor-1189\">\n\t\t\t\t\t\t<section class=\"elementor-section elementor-top-section elementor-element elementor-element-e563cab elementor-reverse-mobile elementor-section-boxed elementor-section-height-default elementor-section-height-default\" data-id=\"e563cab\" data-element_type=\"section\" data-e-type=\"section\">\n\t\t\t\t\t\t<div class=\"elementor-container elementor-column-gap-no\">\n\t\t\t\t\t<div class=\"elementor-column elementor-col-100 elementor-top-column elementor-element elementor-element-b603e1d\" data-id=\"b603e1d\" data-element_type=\"column\" data-e-type=\"column\">\n\t\t\t<div class=\"elementor-widget-wrap elementor-element-populated\">\n\t\t\t\t\t\t<div class=\"elementor-element elementor-element-f249036 elementor-widget elementor-widget-image\" data-id=\"f249036\" data-element_type=\"widget\" data-e-type=\"widget\" data-widget_type=\"image.default\">\n\t\t\t\t<div class=\"elementor-widget-container\">\n\t\t\t\t\t\t\t\t\t\t\t\t\t\t\t<img fetchpriority=\"high\" decoding=\"async\" width=\"901\" height=\"577\" src=\"https:\/\/verosilva.com\/wp-content\/uploads\/2023\/03\/scrnli_19_3_2023_20-46-00.png\" class=\"attachment-large size-large wp-image-243\" alt=\"\" srcset=\"https:\/\/verosilva.com\/wp-content\/uploads\/2023\/03\/scrnli_19_3_2023_20-46-00.png 901w, https:\/\/verosilva.com\/wp-content\/uploads\/2023\/03\/scrnli_19_3_2023_20-46-00-300x192.png 300w, https:\/\/verosilva.com\/wp-content\/uploads\/2023\/03\/scrnli_19_3_2023_20-46-00-768x492.png 768w, https:\/\/verosilva.com\/wp-content\/uploads\/2023\/03\/scrnli_19_3_2023_20-46-00-650x416.png 650w\" sizes=\"(max-width: 901px) 100vw, 901px\" \/>\t\t\t\t\t\t\t\t\t\t\t\t\t\t\t<\/div>\n\t\t\t\t<\/div>\n\t\t\t\t<div class=\"elementor-element elementor-element-c5682bd elementor-widget elementor-widget-spacer\" data-id=\"c5682bd\" data-element_type=\"widget\" data-e-type=\"widget\" data-widget_type=\"spacer.default\">\n\t\t\t\t<div class=\"elementor-widget-container\">\n\t\t\t\t\t\t\t<div class=\"elementor-spacer\">\n\t\t\t<div class=\"elementor-spacer-inner\"><\/div>\n\t\t<\/div>\n\t\t\t\t\t\t<\/div>\n\t\t\t\t<\/div>\n\t\t\t\t<div class=\"elementor-element elementor-element-c662fa2 elementor-widget-tablet__width-initial ui-e-a-animate elementor-invisible elementor-widget elementor-widget-highlighted-text\" data-id=\"c662fa2\" data-element_type=\"widget\" data-e-type=\"widget\" data-settings=\"{&quot;_animation&quot;:&quot;fadeInDown&quot;}\" data-widget_type=\"highlighted-text.default\">\n\t\t\t\t<div class=\"elementor-widget-container\">\n\t\t\t\t\t\t\t<h2 class=\"ui-e--highlighted-text\" >\n        <span class=\"ui-e-headline-text\">Mi experiencia<\/span><span class=\"whitespace\"> <\/span><span class=\"ui-e-headline-text ui-e-headline-stroke2\">\n\t\t\t\t\t\t\t<span class=\"ui-e-headline-text ui-e-headline-highlighted\">como speaker<\/span>\n\t\t\t\t\t\t\t<span class=\"uicore-svg-wrapper\"><svg xmlns=\"http:\/\/www.w3.org\/2000\/svg\" viewBox=\"0 0 500 150\" preserveAspectRatio=\"none\"><path d='M479,122c-13.3-1-26.8-1-40.4-2.3c-31.8-1.2-63.7,0.4-95.3,0.6c-38.5,1.5-77,2.3-115.5,5.2\n\t\t\t\tc-41.6,1.2-83.3,5-124.9,5.2c-5.4,0.4-11,1-16.4,0.8c-21.9-0.4-44.1,1.9-65.6-3.5'\/><\/svg><\/span>\n\t\t\t\t\t\t<\/span><span class=\"whitespace\"> <\/span>        <\/h2>\n        \t\t\t\t<\/div>\n\t\t\t\t<\/div>\n\t\t\t\t<div class=\"elementor-element elementor-element-9e8e03c elementor-widget__width-initial elementor-widget-tablet__width-inherit elementor-invisible elementor-widget elementor-widget-text-editor\" data-id=\"9e8e03c\" data-element_type=\"widget\" data-e-type=\"widget\" data-settings=\"{&quot;_animation&quot;:&quot;fadeInDown&quot;}\" data-widget_type=\"text-editor.default\">\n\t\t\t\t<div class=\"elementor-widget-container\">\n\t\t\t\t\t\t\t\t\t<p><span class=\"s1\"> Divulgando el potencial de la tecnolog\u00eda y el poder de la educaci\u00f3n, y motivando a trav\u00e9s del esp\u00edritu resiliente. <strong>Di charlas para m\u00e0s de +3500 personas.<\/strong><\/span><\/p><p>A medida de que fui avanzando con Apprendo y me fui involucrando cada vez m\u00e1s en el ecosistema emprendedor, las oportunidades de contar mi historia fueron apareciendo naturalmente.<\/p><p class=\"p1\"><span class=\"s1\">En ese momento, los medios estaban sobrecargados de histoirias de emprendedores que parec\u00edan irreales.\u00a0<\/span><\/p>\t\t\t\t\t\t\t\t<\/div>\n\t\t\t\t<\/div>\n\t\t\t\t<section class=\"elementor-section elementor-inner-section elementor-element elementor-element-015b4a5 elementor-section-boxed elementor-section-height-default elementor-section-height-default\" data-id=\"015b4a5\" data-element_type=\"section\" data-e-type=\"section\">\n\t\t\t\t\t\t<div class=\"elementor-container elementor-column-gap-default\">\n\t\t\t\t\t<div class=\"elementor-column elementor-col-50 elementor-inner-column elementor-element elementor-element-d782681\" data-id=\"d782681\" data-element_type=\"column\" data-e-type=\"column\">\n\t\t\t<div class=\"elementor-widget-wrap elementor-element-populated\">\n\t\t\t\t\t\t<div class=\"elementor-element elementor-element-60bc67a elementor-widget elementor-widget-image\" data-id=\"60bc67a\" data-element_type=\"widget\" data-e-type=\"widget\" data-widget_type=\"image.default\">\n\t\t\t\t<div class=\"elementor-widget-container\">\n\t\t\t\t\t\t\t\t\t\t\t\t\t\t\t<img decoding=\"async\" width=\"1000\" height=\"1000\" src=\"https:\/\/verosilva.com\/wp-content\/uploads\/2023\/03\/asd-1024x1024.png\" class=\"attachment-large size-large wp-image-820\" alt=\"\" srcset=\"https:\/\/verosilva.com\/wp-content\/uploads\/2023\/03\/asd-1024x1024.png 1024w, https:\/\/verosilva.com\/wp-content\/uploads\/2023\/03\/asd-300x300.png 300w, https:\/\/verosilva.com\/wp-content\/uploads\/2023\/03\/asd-150x150.png 150w, https:\/\/verosilva.com\/wp-content\/uploads\/2023\/03\/asd-768x768.png 768w, https:\/\/verosilva.com\/wp-content\/uploads\/2023\/03\/asd-650x650.png 650w, https:\/\/verosilva.com\/wp-content\/uploads\/2023\/03\/asd.png 1080w\" sizes=\"(max-width: 1000px) 100vw, 1000px\" \/>\t\t\t\t\t\t\t\t\t\t\t\t\t\t\t<\/div>\n\t\t\t\t<\/div>\n\t\t\t\t\t<\/div>\n\t\t<\/div>\n\t\t\t\t<div class=\"elementor-column elementor-col-50 elementor-inner-column elementor-element elementor-element-f21c594\" data-id=\"f21c594\" data-element_type=\"column\" data-e-type=\"column\">\n\t\t\t<div class=\"elementor-widget-wrap elementor-element-populated\">\n\t\t\t\t\t\t<div class=\"elementor-element elementor-element-f358d0c elementor-widget elementor-widget-text-editor\" data-id=\"f358d0c\" data-element_type=\"widget\" data-e-type=\"widget\" data-widget_type=\"text-editor.default\">\n\t\t\t\t<div class=\"elementor-widget-container\">\n\t\t\t\t\t\t\t\t\t<p><span style=\"color: var(--uicore-typography--p-c,&quot;#070707&quot;); font-family: var(--uicore-typography--p-f,&quot;Inter&quot;); font-size: var(--uicore-typography--p-s,&quot;10px&quot;); font-style: var(--uicore-typography--p-st,&quot;normal&quot;); font-weight: var(--uicore-typography--p-w,&quot;600&quot;); letter-spacing: var(--uicore-typography--p-ls,&quot;-0.027em&quot;); text-transform: var(--uicore-typography--p-t,&quot;none&quot;);\">Decidida a aportar una narrativa distinta, comuniqu\u00e9 mi historia de forma genuina. Contando lo bueno y lo dif\u00edcil. Sabia que como yo hab\u00edan m\u00e1s personas que quer\u00edan meterse en este mundo pero no se animaban por no tener los mismos recursos que otros.<\/span><br><\/p><p>Adem\u00e1s de dar charlas, tambi\u00e9n fui consultada por medios de comunicaci\u00f3n y en espacios p\u00fablicos como el Ministerio de Educaci\u00f3n y a algunos Diputados para aportar mi mirada para el desarrollo de la Ley de Econom\u00eda del Conocimiento.<\/p>\t\t\t\t\t\t\t\t<\/div>\n\t\t\t\t<\/div>\n\t\t\t\t\t<\/div>\n\t\t<\/div>\n\t\t\t\t\t<\/div>\n\t\t<\/section>\n\t\t\t\t<div class=\"elementor-element elementor-element-178be44 elementor-widget elementor-widget-spacer\" data-id=\"178be44\" data-element_type=\"widget\" data-e-type=\"widget\" data-widget_type=\"spacer.default\">\n\t\t\t\t<div class=\"elementor-widget-container\">\n\t\t\t\t\t\t\t<div class=\"elementor-spacer\">\n\t\t\t<div class=\"elementor-spacer-inner\"><\/div>\n\t\t<\/div>\n\t\t\t\t\t\t<\/div>\n\t\t\t\t<\/div>\n\t\t\t\t\t<\/div>\n\t\t<\/div>\n\t\t\t\t\t<\/div>\n\t\t<\/section>\n\t\t\t\t<\/div>\n\t\t","protected":false},"excerpt":{"rendered":"<p>Mi experiencia como speaker Divulgando el potencial de la tecnolog\u00eda y el poder de la educaci\u00f3n, y motivando a trav\u00e9s del esp\u00edritu [&hellip;]<\/p>\n","protected":false},"author":1,"featured_media":0,"parent":0,"menu_order":0,"comment_status":"closed","ping_status":"closed","template":"","meta":{"_coblocks_attr":"","_coblocks_dimensions":"","_coblocks_responsive_height":"","_coblocks_accordion_ie_support":"","footnotes":""},"class_list":["post-1189","page","type-page","status-publish","hentry"],"yoast_head":"<!-- This site is optimized with the Yoast SEO plugin v23.0 - https:\/\/yoast.com\/wordpress\/plugins\/seo\/ -->\n<title>Charlas y prensa - Vero Silva<\/title>\n<meta name=\"robots\" content=\"index, follow, max-snippet:-1, max-image-preview:large, max-video-preview:-1\" \/>\n<link rel=\"canonical\" href=\"https:\/\/verosilva.com\/?page_id=1189\" \/>\n<meta property=\"og:locale\" content=\"es_ES\" \/>\n<meta property=\"og:type\" content=\"article\" \/>\n<meta property=\"og:title\" content=\"Charlas y prensa - Vero Silva\" \/>\n<meta property=\"og:description\" content=\"Mi experiencia como speaker Divulgando el potencial de la tecnolog\u00eda y el poder de la educaci\u00f3n, y motivando a trav\u00e9s del esp\u00edritu [&hellip;]\" \/>\n<meta property=\"og:url\" content=\"https:\/\/verosilva.com\/?page_id=1189\" \/>\n<meta property=\"og:site_name\" content=\"Vero Silva\" \/>\n<meta property=\"article:modified_time\" content=\"2023-05-27T16:51:09+00:00\" \/>\n<meta property=\"og:image\" content=\"http:\/\/verosilva.com\/wp-content\/uploads\/2023\/03\/scrnli_19_3_2023_20-46-00.png\" \/>\n<meta name=\"twitter:card\" content=\"summary_large_image\" \/>\n<meta name=\"twitter:label1\" content=\"Tiempo de lectura\" \/>\n\t<meta name=\"twitter:data1\" content=\"1 minuto\" \/>\n<script type=\"application\/ld+json\" class=\"yoast-schema-graph\">{\"@context\":\"https:\/\/schema.org\",\"@graph\":[{\"@type\":\"WebPage\",\"@id\":\"https:\/\/verosilva.com\/?page_id=1189\",\"url\":\"https:\/\/verosilva.com\/?page_id=1189\",\"name\":\"Charlas y prensa - Vero Silva\",\"isPartOf\":{\"@id\":\"https:\/\/verosilva.com\/#website\"},\"primaryImageOfPage\":{\"@id\":\"https:\/\/verosilva.com\/?page_id=1189#primaryimage\"},\"image\":{\"@id\":\"https:\/\/verosilva.com\/?page_id=1189#primaryimage\"},\"thumbnailUrl\":\"http:\/\/verosilva.com\/wp-content\/uploads\/2023\/03\/scrnli_19_3_2023_20-46-00.png\",\"datePublished\":\"2023-04-14T23:30:20+00:00\",\"dateModified\":\"2023-05-27T16:51:09+00:00\",\"breadcrumb\":{\"@id\":\"https:\/\/verosilva.com\/?page_id=1189#breadcrumb\"},\"inLanguage\":\"es\",\"potentialAction\":[{\"@type\":\"ReadAction\",\"target\":[\"https:\/\/verosilva.com\/?page_id=1189\"]}]},{\"@type\":\"ImageObject\",\"inLanguage\":\"es\",\"@id\":\"https:\/\/verosilva.com\/?page_id=1189#primaryimage\",\"url\":\"https:\/\/verosilva.com\/wp-content\/uploads\/2023\/03\/scrnli_19_3_2023_20-46-00.png\",\"contentUrl\":\"https:\/\/verosilva.com\/wp-content\/uploads\/2023\/03\/scrnli_19_3_2023_20-46-00.png\",\"width\":901,\"height\":577},{\"@type\":\"BreadcrumbList\",\"@id\":\"https:\/\/verosilva.com\/?page_id=1189#breadcrumb\",\"itemListElement\":[{\"@type\":\"ListItem\",\"position\":1,\"name\":\"Portada\",\"item\":\"https:\/\/verosilva.com\/\"},{\"@type\":\"ListItem\",\"position\":2,\"name\":\"Charlas y prensa\"}]},{\"@type\":\"WebSite\",\"@id\":\"https:\/\/verosilva.com\/#website\",\"url\":\"https:\/\/verosilva.com\/\",\"name\":\"Vero Silva\",\"description\":\"qui\u00e9n soy\",\"publisher\":{\"@id\":\"https:\/\/verosilva.com\/#organization\"},\"potentialAction\":[{\"@type\":\"SearchAction\",\"target\":{\"@type\":\"EntryPoint\",\"urlTemplate\":\"https:\/\/verosilva.com\/?s={search_term_string}\"},\"query-input\":\"required name=search_term_string\"}],\"inLanguage\":\"es\"},{\"@type\":\"Organization\",\"@id\":\"https:\/\/verosilva.com\/#organization\",\"name\":\"Vero Silva\",\"url\":\"https:\/\/verosilva.com\/\",\"logo\":{\"@type\":\"ImageObject\",\"inLanguage\":\"es\",\"@id\":\"https:\/\/verosilva.com\/#\/schema\/logo\/image\/\",\"url\":\"https:\/\/verosilva.com\/wp-content\/uploads\/2023\/03\/Logo-5.png\",\"contentUrl\":\"https:\/\/verosilva.com\/wp-content\/uploads\/2023\/03\/Logo-5.png\",\"width\":181,\"height\":181,\"caption\":\"Vero Silva\"},\"image\":{\"@id\":\"https:\/\/verosilva.com\/#\/schema\/logo\/image\/\"}}]}<\/script>\n<!-- \/ Yoast SEO plugin. -->","yoast_head_json":{"title":"Charlas y prensa - Vero Silva","robots":{"index":"index","follow":"follow","max-snippet":"max-snippet:-1","max-image-preview":"max-image-preview:large","max-video-preview":"max-video-preview:-1"},"canonical":"https:\/\/verosilva.com\/?page_id=1189","og_locale":"es_ES","og_type":"article","og_title":"Charlas y prensa - Vero Silva","og_description":"Mi experiencia como speaker Divulgando el potencial de la tecnolog\u00eda y el poder de la educaci\u00f3n, y motivando a trav\u00e9s del esp\u00edritu [&hellip;]","og_url":"https:\/\/verosilva.com\/?page_id=1189","og_site_name":"Vero Silva","article_modified_time":"2023-05-27T16:51:09+00:00","og_image":[{"url":"http:\/\/verosilva.com\/wp-content\/uploads\/2023\/03\/scrnli_19_3_2023_20-46-00.png"}],"twitter_card":"summary_large_image","twitter_misc":{"Tiempo de lectura":"1 minuto"},"schema":{"@context":"https:\/\/schema.org","@graph":[{"@type":"WebPage","@id":"https:\/\/verosilva.com\/?page_id=1189","url":"https:\/\/verosilva.com\/?page_id=1189","name":"Charlas y prensa - Vero Silva","isPartOf":{"@id":"https:\/\/verosilva.com\/#website"},"primaryImageOfPage":{"@id":"https:\/\/verosilva.com\/?page_id=1189#primaryimage"},"image":{"@id":"https:\/\/verosilva.com\/?page_id=1189#primaryimage"},"thumbnailUrl":"http:\/\/verosilva.com\/wp-content\/uploads\/2023\/03\/scrnli_19_3_2023_20-46-00.png","datePublished":"2023-04-14T23:30:20+00:00","dateModified":"2023-05-27T16:51:09+00:00","breadcrumb":{"@id":"https:\/\/verosilva.com\/?page_id=1189#breadcrumb"},"inLanguage":"es","potentialAction":[{"@type":"ReadAction","target":["https:\/\/verosilva.com\/?page_id=1189"]}]},{"@type":"ImageObject","inLanguage":"es","@id":"https:\/\/verosilva.com\/?page_id=1189#primaryimage","url":"https:\/\/verosilva.com\/wp-content\/uploads\/2023\/03\/scrnli_19_3_2023_20-46-00.png","contentUrl":"https:\/\/verosilva.com\/wp-content\/uploads\/2023\/03\/scrnli_19_3_2023_20-46-00.png","width":901,"height":577},{"@type":"BreadcrumbList","@id":"https:\/\/verosilva.com\/?page_id=1189#breadcrumb","itemListElement":[{"@type":"ListItem","position":1,"name":"Portada","item":"https:\/\/verosilva.com\/"},{"@type":"ListItem","position":2,"name":"Charlas y prensa"}]},{"@type":"WebSite","@id":"https:\/\/verosilva.com\/#website","url":"https:\/\/verosilva.com\/","name":"Vero Silva","description":"qui\u00e9n soy","publisher":{"@id":"https:\/\/verosilva.com\/#organization"},"potentialAction":[{"@type":"SearchAction","target":{"@type":"EntryPoint","urlTemplate":"https:\/\/verosilva.com\/?s={search_term_string}"},"query-input":"required name=search_term_string"}],"inLanguage":"es"},{"@type":"Organization","@id":"https:\/\/verosilva.com\/#organization","name":"Vero Silva","url":"https:\/\/verosilva.com\/","logo":{"@type":"ImageObject","inLanguage":"es","@id":"https:\/\/verosilva.com\/#\/schema\/logo\/image\/","url":"https:\/\/verosilva.com\/wp-content\/uploads\/2023\/03\/Logo-5.png","contentUrl":"https:\/\/verosilva.com\/wp-content\/uploads\/2023\/03\/Logo-5.png","width":181,"height":181,"caption":"Vero Silva"},"image":{"@id":"https:\/\/verosilva.com\/#\/schema\/logo\/image\/"}}]}},"_links":{"self":[{"href":"https:\/\/verosilva.com\/index.php?rest_route=\/wp\/v2\/pages\/1189"}],"collection":[{"href":"https:\/\/verosilva.com\/index.php?rest_route=\/wp\/v2\/pages"}],"about":[{"href":"https:\/\/verosilva.com\/index.php?rest_route=\/wp\/v2\/types\/page"}],"author":[{"embeddable":true,"href":"https:\/\/verosilva.com\/index.php?rest_route=\/wp\/v2\/users\/1"}],"replies":[{"embeddable":true,"href":"https:\/\/verosilva.com\/index.php?rest_route=%2Fwp%2Fv2%2Fcomments&post=1189"}],"version-history":[{"count":23,"href":"https:\/\/verosilva.com\/index.php?rest_route=\/wp\/v2\/pages\/1189\/revisions"}],"predecessor-version":[{"id":1301,"href":"https:\/\/verosilva.com\/index.php?rest_route=\/wp\/v2\/pages\/1189\/revisions\/1301"}],"wp:attachment":[{"href":"https:\/\/verosilva.com\/index.php?rest_route=%2Fwp%2Fv2%2Fmedia&parent=1189"}],"curies":[{"name":"wp","href":"https:\/\/api.w.org\/{rel}","templated":true}]}}